{"id":999963140,"date":"2023-03-28T15:05:22","date_gmt":"2023-03-28T15:05:22","guid":{"rendered":"https:\/\/estevitalyahair.com\/datenschutzbestimmungen\/"},"modified":"2024-03-01T13:02:52","modified_gmt":"2024-03-01T13:02:52","slug":"datenschutzbestimmungen","status":"publish","type":"page","link":"https:\/\/www.estevitalyahair.com\/de\/datenschutzbestimmungen\/","title":{"rendered":"Datenschutzbestimmungen"},"content":{"rendered":"\t\t<div data-elementor-type=\"wp-page\" data-elementor-id=\"999963140\" class=\"elementor elementor-999963140 elementor-999962394\" data-elementor-post-type=\"page\">\n\t\t\t\t<div class=\"elementor-element elementor-element-8b3f4ea e-flex e-con-boxed e-con e-parent\" data-id=\"8b3f4ea\" data-element_type=\"container\" data-e-type=\"container\" data-settings=\"{&quot;background_background&quot;:&quot;classic&quot;,&quot;jet_parallax_layout_list&quot;:[]}\">\n\t\t\t\t\t<div class=\"e-con-inner\">\n\t\t<div class=\"elementor-element elementor-element-9753879 e-con-full e-flex e-con e-child\" data-id=\"9753879\" data-element_type=\"container\" data-e-type=\"container\" data-settings=\"{&quot;jet_parallax_layout_list&quot;:[]}\">\n\t\t\t\t<div class=\"elementor-element elementor-element-93b6491 elementor-widget elementor-widget-heading\" data-id=\"93b6491\" data-element_type=\"widget\" data-e-type=\"widget\" data-widget_type=\"heading.default\">\n\t\t\t\t\t<h1 class=\"elementor-heading-title elementor-size-default\">Datenschutzbestimmungen<\/h1>\t\t\t\t<\/div>\n\t\t\t\t<\/div>\n\t\t\t\t\t<\/div>\n\t\t\t\t<\/div>\n\t\t<div class=\"elementor-element elementor-element-1f5eb23 e-flex e-con-boxed e-con e-parent\" data-id=\"1f5eb23\" data-element_type=\"container\" data-e-type=\"container\" data-settings=\"{&quot;jet_parallax_layout_list&quot;:[]}\">\n\t\t\t\t\t<div class=\"e-con-inner\">\n\t\t<div class=\"elementor-element elementor-element-04b00d1 e-con-full e-flex e-con e-child\" data-id=\"04b00d1\" data-element_type=\"container\" data-e-type=\"container\" data-settings=\"{&quot;jet_parallax_layout_list&quot;:[]}\">\n\t\t\t\t<div class=\"elementor-element elementor-element-c36249b elementor-widget elementor-widget-text-editor\" data-id=\"c36249b\" data-element_type=\"widget\" data-e-type=\"widget\" data-widget_type=\"text-editor.default\">\n\t\t\t\t\t\t\t\t\tDieser Text soll Sie \u00fcber die Verwendung der von Ihnen durch die Nutzung der Website der Estevitalya Hair Clinic zur Verf\u00fcgung gestellten Daten informieren und Sie \u00fcber Ihre Rechte an diesen Daten aufkl\u00e4ren.\r\n\r\nDer Hauptzweck der Datenerhebung besteht darin, die Ihnen angebotenen Dienstleistungen zu verbessern und weiter auszubauen. Durch die Nutzung dieser Dienste erkl\u00e4ren Sie sich mit der Verwendung und Erfassung Ihrer Daten im Rahmen dieser Richtlinie einverstanden.\r\n\r\n<strong>Die URL unserer Website:<\/strong> <a href=\"https:\/\/estevitalyahair.com\/de\/\" target=\"_new\">https:\/\/estevitalyahair.com\/<\/a>\r\n\r\n<strong>Unser Gesch\u00e4ftsname:<\/strong> Estevitalya Haarklinik\r\n\r\n<strong>Welche Arten von Daten k\u00f6nnen gesammelt oder verwendet werden?<\/strong>\r\n\r\nUm Ihnen unsere Dienstleistungen anbieten und verbessern zu k\u00f6nnen, erheben wir eine Reihe von Daten von Ihnen. Diese Daten k\u00f6nnen sein:\r\n\r\n<strong>Pers\u00f6nliche Daten<\/strong> Wenn Sie unsere Dienstleistungen in Anspruch nehmen, bitten wir Sie m\u00f6glicherweise, uns bestimmte personenbezogene Daten (auch als &#8222;pers\u00f6nliche Daten&#8220; bezeichnet) zu \u00fcbermitteln, die dazu verwendet werden k\u00f6nnen, mit Ihnen in Kontakt zu treten oder Sie zu identifizieren. Zu den personenbezogenen Daten geh\u00f6ren unter anderem folgende Angaben:\r\n<ul>\r\n \t<li>Ihr Vor-, Nach- und Zuname<\/li>\r\n \t<li>Ihre E-Mail-Adressen<\/li>\r\n \t<li>Telefon-Nummer<\/li>\r\n<\/ul>\r\n<strong>Daten zur Nutzung<\/strong> Wir k\u00f6nnen auch Daten dar\u00fcber sammeln, wie die Nutzer auf unsere Dienste zugreifen und sie nutzen. Diese Nutzungsdaten k\u00f6nnen Informationen \u00fcber die IP-Adresse Ihres Computers, die Art und Version Ihres Browsers, die Seiten unserer Dienste, auf die Sie zugreifen, wann und wie lange, eindeutige Ger\u00e4tekennungen und andere Diagnosedaten umfassen. Alle diese Daten werden gesammelt, um unsere Dienste zu verbessern.\r\n\r\n<strong>Die Verwendung von Cookies<\/strong> Wir verfolgen unsere Besucher nicht mithilfe von Cookies. Sie haben die M\u00f6glichkeit, alle Cookies zu deaktivieren oder sich von Ihrem Computer benachrichtigen zu lassen, wenn ein Cookie gesendet wird. Dies k\u00f6nnen Sie \u00fcber die Einstellungen Ihres Browsers tun. Wenn Sie Cookies deaktivieren, werden einige Funktionen, die die Funktionalit\u00e4t Ihrer Website verbessern, und einige unserer Dienste nicht wie vorgesehen funktionieren.\r\n\r\n<strong>Wozu werden Ihre Daten ben\u00f6tigt?<\/strong>\r\n<ul>\r\n \t<li>Um Ihnen eine individuellere Erfahrung zu erm\u00f6glichen (Ihre Informationen helfen uns, besser auf Ihre individuellen Bed\u00fcrfnisse einzugehen)<\/li>\r\n \t<li>Um unsere Webseite zu verbessern (wir sind st\u00e4ndig bem\u00fcht, unsere Webseite auf der Grundlage der Informationen und R\u00fcckmeldungen, die wir von Ihnen erhalten, zu verbessern)<\/li>\r\n \t<li>Um Kunden besser zu unterst\u00fctzen (Ihre Informationen helfen uns, effektiver auf Ihre Kundendienstanfragen und Supportbed\u00fcrfnisse zu reagieren)<\/li>\r\n \t<li>Zur Abwicklung von Transaktionen<\/li>\r\n \t<li>F\u00fcr die regelm\u00e4\u00dfige Versendung von Informations-E-Mails<\/li>\r\n<\/ul>\r\n<strong>Offenlegung und Sicherheit Ihrer Daten<\/strong>\r\n\r\nDer Umgang unserer Dienste mit Ihren pers\u00f6nlichen Daten ist wie folgt:\r\n\r\n<strong>Offenlegung Ihrer pers\u00f6nlichen Daten<\/strong> Ihre pers\u00f6nlichen Daten k\u00f6nnen von der Estevitalya Hair Clinic weitergegeben werden, wenn dies als notwendig erachtet wird. Diese sind:\r\n<ul>\r\n \t<li>Erf\u00fcllung einer gesetzlichen Anforderung<\/li>\r\n \t<li>Schutz und Verteidigung der Rechte und des Eigentums von Estevitalya Hair Clinic<\/li>\r\n<\/ul>\r\n<strong>Dienstanbieter<\/strong>\r\n\r\nUm unsere Dienste benutzerfreundlicher zu gestalten, die Dienste in unserem Namen zu erbringen, dienstbezogene Aufgaben zu erf\u00fcllen oder uns bei der Durchf\u00fchrung von Nutzungsuntersuchungen zu unterst\u00fctzen, arbeiten wir m\u00f6glicherweise mit externen Unternehmen und Einzelpersonen zusammen (im Folgenden als &#8222;Dienstleister&#8220; bezeichnet). Diesen Dritten ist es nur gestattet, Ihre personenbezogenen Daten zu verwenden, um diese Aufgaben in unserem Namen auszuf\u00fchren, und es ist ihnen strengstens untersagt, diese Daten f\u00fcr andere Zwecke zu verwenden oder weiterzugeben.\r\n\r\n<strong>Google Analytics<\/strong>\r\n\r\nDer Webanalysedienst Google Analytics \u00fcberwacht und berichtet \u00fcber die Besuche auf unserer Website. Google verfolgt, wie unsere Dienste genutzt werden. Diese Daten stehen anderen Google-Diensten zur Verf\u00fcgung. Unter Verwendung der erhaltenen Daten kann Google Werbeanzeigen in seinem eigenen Werbenetzwerk anpassen und kontextualisieren. Sie k\u00f6nnen entscheiden, ob Google Analytics Informationen \u00fcber Ihre Aktivit\u00e4ten auf unseren Diensten sammeln soll, indem Sie das Google Analytics Opt-out Browser-Add-on installieren. Weitere Informationen zur Datenschutzrichtlinie von Google finden Sie auf der Seite &#8222;Datenschutz und Bedingungen von Google&#8220;.\r\n\r\n<strong>Links zu anderen Websites<\/strong>\r\n\r\nAuf unserer Website, die Sie nutzen, k\u00f6nnen Weiterleitungen zu Websites von Dritten vorhanden sein. Wenn Sie auf einen Link klicken, der zu einer Website eines Dritten f\u00fchrt, empfehlen wir Ihnen, die Datenschutzrichtlinie der Website sorgf\u00e4ltig zu lesen. Da wir keine Kontrolle \u00fcber diese Websites von Dritten haben, \u00fcbernehmen wir keine Verantwortung f\u00fcr die Sicherheit Ihrer Daten.\r\n\r\n<strong>Ihre gesetzlichen Rechte<\/strong>\r\n\r\nSie haben das volle Recht zu verlangen, dass wir Ihre Daten nicht f\u00fcr Marketingzwecke verwenden. Wenn Sie uns eine entsprechende Anfrage senden, k\u00f6nnen wir Ihnen versichern, dass unverz\u00fcglich Ma\u00dfnahmen ergriffen werden.\r\n\r\nBitte lesen Sie die folgenden Rechte, die Ihnen die \u00fcberarbeitete DSGVO gew\u00e4hrt:\r\n<ul>\r\n \t<li>Bitten Sie uns um freien Zugang zu den \u00fcber Sie gespeicherten personenbezogenen Daten, um sie zu l\u00f6schen oder zu korrigieren.<\/li>\r\n \t<li>Fordern Sie eine Daten\u00fcbertragung an, um Ihre pers\u00f6nlichen Daten zu erhalten.<\/li>\r\n \t<li>\u00dcberpr\u00fcfen Sie die Methoden, die wir f\u00fcr die Verarbeitung Ihrer Daten verwenden.<\/li>\r\n \t<li>Begrenzen Sie die Verarbeitung.<\/li>\r\n \t<li>\u00c4u\u00dfern Sie Ihre Meinung dazu, wie Ihre pers\u00f6nlichen Daten verarbeitet werden.<\/li>\r\n<\/ul>\r\n<strong>Aktualisierungen unserer Datenschutzrichtlinie<\/strong>\r\n\r\nVon Zeit zu Zeit k\u00f6nnen wir unsere Datenschutzrichtlinie \u00fcberpr\u00fcfen oder verbessern. Um auf dem Laufenden zu bleiben, empfehlen wir Ihnen, unsere Datenschutzrichtlinie regelm\u00e4\u00dfig zu besuchen und zu \u00fcberpr\u00fcfen. \u00dcber wesentliche \u00c4nderungen informieren wir Sie per E-Mail. Bitte teilen Sie eventuelle Fragen zur Datenschutzrichtlinie unserem Digitalbereich unter <a target=\"_new\">info@estevitalyahair.com<\/a> mit.\t\t\t\t\t\t\t\t<\/div>\n\t\t\t\t<\/div>\n\t\t\t\t\t<\/div>\n\t\t\t\t<\/div>\n\t\t\t\t<\/div>\n\t\t","protected":false},"excerpt":{"rendered":"<p>Dieser Text soll Sie \u00fcber die Verwendung der von Ihnen durch die Nutzung der Website der Estevitalya Hair Clinic zur Verf\u00fcgung gestellten Daten informieren und Sie \u00fcber Ihre Rechte an diesen Daten aufkl\u00e4ren. Der Hauptzweck der Datenerhebung besteht darin, die Ihnen angebotenen Dienstleistungen zu verbessern und weiter auszubauen. Durch die Nutzung dieser Dienste erkl\u00e4ren Sie [&hellip;]<\/p>\n","protected":false},"author":2,"featured_media":0,"parent":0,"menu_order":0,"comment_status":"closed","ping_status":"closed","template":"","meta":{"_jf_save_progress":"","footnotes":""},"class_list":["post-999963140","page","type-page","status-publish","hentry"],"_links":{"self":[{"href":"https:\/\/www.estevitalyahair.com\/de\/wp-json\/wp\/v2\/pages\/999963140","targetHints":{"allow":["GET"]}}],"collection":[{"href":"https:\/\/www.estevitalyahair.com\/de\/wp-json\/wp\/v2\/pages"}],"about":[{"href":"https:\/\/www.estevitalyahair.com\/de\/wp-json\/wp\/v2\/types\/page"}],"author":[{"embeddable":true,"href":"https:\/\/www.estevitalyahair.com\/de\/wp-json\/wp\/v2\/users\/2"}],"replies":[{"embeddable":true,"href":"https:\/\/www.estevitalyahair.com\/de\/wp-json\/wp\/v2\/comments?post=999963140"}],"version-history":[{"count":0,"href":"https:\/\/www.estevitalyahair.com\/de\/wp-json\/wp\/v2\/pages\/999963140\/revisions"}],"wp:attachment":[{"href":"https:\/\/www.estevitalyahair.com\/de\/wp-json\/wp\/v2\/media?parent=999963140"}],"curies":[{"name":"wp","href":"https:\/\/api.w.org\/{rel}","templated":true}]}}