{"id":999966720,"date":"2022-01-31T18:47:31","date_gmt":"2022-01-31T18:47:31","guid":{"rendered":"https:\/\/estevitalyahair.com\/kontakt\/"},"modified":"2024-02-26T15:03:45","modified_gmt":"2024-02-26T15:03:45","slug":"kontakt","status":"publish","type":"page","link":"https:\/\/www.estevitalyahair.com\/de\/kontakt\/","title":{"rendered":"Kontakt"},"content":{"rendered":"\t\t<div data-elementor-type=\"wp-page\" data-elementor-id=\"999966720\" class=\"elementor elementor-999966720 elementor-14\" data-elementor-post-type=\"page\">\n\t\t\t\t<div class=\"elementor-element elementor-element-07f9402 e-flex e-con-boxed e-con e-parent\" data-id=\"07f9402\" data-element_type=\"container\" data-e-type=\"container\" data-settings=\"{&quot;background_background&quot;:&quot;classic&quot;,&quot;jet_parallax_layout_list&quot;:[]}\">\n\t\t\t\t\t<div class=\"e-con-inner\">\n\t\t<div class=\"elementor-element elementor-element-2fd9506 e-con-full e-flex e-con e-child\" data-id=\"2fd9506\" data-element_type=\"container\" data-e-type=\"container\" data-settings=\"{&quot;jet_parallax_layout_list&quot;:[]}\">\n\t\t\t\t<div class=\"elementor-element elementor-element-5043eaf elementor-view-default elementor-widget elementor-widget-icon\" data-id=\"5043eaf\" data-element_type=\"widget\" data-e-type=\"widget\" data-widget_type=\"icon.default\">\n\t\t\t\t\t\t\t<div class=\"elementor-icon-wrapper\">\n\t\t\t<div class=\"elementor-icon\">\n\t\t\t<svg xmlns=\"http:\/\/www.w3.org\/2000\/svg\" id=\"katman_1\" data-name=\"katman 1\" viewBox=\"0 0 25.83 32.58\"><path d=\"M12.92,15.62c.75,0,1.39-.26,1.92-.79s.79-1.17,.79-1.92-.26-1.39-.79-1.92c-.53-.53-1.17-.79-1.92-.79s-1.39,.26-1.92,.79c-.53,.53-.79,1.17-.79,1.92s.26,1.39,.79,1.92,1.17,.79,1.92,.79Zm0,14.17c3.58-3.19,6.28-6.23,8.1-9.1,1.82-2.88,2.73-5.35,2.73-7.44,0-3.28-1.04-5.96-3.12-8.04-2.08-2.08-4.65-3.12-7.71-3.12s-5.62,1.04-7.71,3.12c-2.08,2.08-3.12,4.76-3.12,8.04,0,2.08,.92,4.56,2.77,7.44,1.85,2.87,4.53,5.91,8.06,9.1Zm0,2.79c-4.33-3.78-7.57-7.28-9.71-10.5C1.07,18.86,0,15.92,0,13.25,0,9.22,1.3,6.01,3.9,3.6,6.49,1.2,9.5,0,12.92,0s6.42,1.2,9.02,3.6c2.6,2.4,3.9,5.62,3.9,9.65,0,2.67-1.07,5.61-3.21,8.83-2.14,3.22-5.37,6.72-9.71,10.5Z\"><\/path><\/svg>\t\t\t<\/div>\n\t\t<\/div>\n\t\t\t\t\t\t<\/div>\n\t\t\t\t<div class=\"elementor-element elementor-element-42618a7 elementor-widget elementor-widget-heading\" data-id=\"42618a7\" data-element_type=\"widget\" data-e-type=\"widget\" data-widget_type=\"heading.default\">\n\t\t\t\t\t<h1 class=\"elementor-heading-title elementor-size-default\">Kontaktinformationen<\/h1>\t\t\t\t<\/div>\n\t\t\t\t<div class=\"elementor-element elementor-element-22ae5cc elementor-widget elementor-widget-heading\" data-id=\"22ae5cc\" data-element_type=\"widget\" data-e-type=\"widget\" data-widget_type=\"heading.default\">\n\t\t\t\t\t<h2 class=\"elementor-heading-title elementor-size-default\">Estevitalya Haartransplantationsklinik<\/h2>\t\t\t\t<\/div>\n\t\t\t\t<\/div>\n\t\t\t\t\t<\/div>\n\t\t\t\t<\/div>\n\t\t<div class=\"elementor-element elementor-element-8d20807 e-flex e-con-boxed e-con e-parent\" data-id=\"8d20807\" data-element_type=\"container\" data-e-type=\"container\" data-settings=\"{&quot;jet_parallax_layout_list&quot;:[]}\">\n\t\t\t\t\t<div class=\"e-con-inner\">\n\t\t<div class=\"elementor-element elementor-element-f3e6d23 e-con-full e-flex e-con e-child\" data-id=\"f3e6d23\" data-element_type=\"container\" data-e-type=\"container\" data-settings=\"{&quot;jet_parallax_layout_list&quot;:[],&quot;background_background&quot;:&quot;classic&quot;}\">\n\t\t<div class=\"elementor-element elementor-element-8933729 e-con-full e-flex e-con e-child\" data-id=\"8933729\" data-element_type=\"container\" data-e-type=\"container\" data-settings=\"{&quot;jet_parallax_layout_list&quot;:[]}\">\n\t\t\t\t<div class=\"elementor-element elementor-element-dfd23d4 elementor-widget__width-inherit elementor-widget elementor-widget-heading\" data-id=\"dfd23d4\" data-element_type=\"widget\" data-e-type=\"widget\" data-widget_type=\"heading.default\">\n\t\t\t\t\t<h2 class=\"elementor-heading-title elementor-size-default\">Kontaktinformationen<\/h2>\t\t\t\t<\/div>\n\t\t\t\t<div class=\"elementor-element elementor-element-eb1b977 elementor-widget-mobile__width-inherit elementor-widget__width-inherit elementor-widget elementor-widget-image\" data-id=\"eb1b977\" data-element_type=\"widget\" data-e-type=\"widget\" data-widget_type=\"image.default\">\n\t\t\t\t\t\t\t\t\t\t\t\t\t\t\t<img fetchpriority=\"high\" decoding=\"async\" width=\"300\" height=\"200\" src=\"https:\/\/www.estevitalyahair.com\/wp-content\/uploads\/2024\/01\/hair-transplant-hospital-4-300x200.jpg\" class=\"attachment-medium size-medium wp-image-999967461\" alt=\"\" srcset=\"https:\/\/www.estevitalyahair.com\/wp-content\/uploads\/2024\/01\/hair-transplant-hospital-4-300x200.jpg.webp 300w, https:\/\/www.estevitalyahair.com\/wp-content\/uploads\/2024\/01\/hair-transplant-hospital-4.jpg.webp 768w\" sizes=\"(max-width: 300px) 100vw, 300px\" title=\"\">\t\t\t\t\t\t\t\t\t\t\t\t\t\t\t<\/div>\n\t\t\t\t<div class=\"elementor-element elementor-element-2bbd0a3 elementor-position-inline-start elementor-mobile-position-inline-start elementor-widget__width-inherit elementor-view-default elementor-widget elementor-widget-icon-box\" data-id=\"2bbd0a3\" data-element_type=\"widget\" data-e-type=\"widget\" data-widget_type=\"icon-box.default\">\n\t\t\t\t\t\t\t<div class=\"elementor-icon-box-wrapper\">\n\n\t\t\t\t\t\t<div class=\"elementor-icon-box-icon\">\n\t\t\t\t<a href=\"tel:+905421259940\" class=\"elementor-icon\" tabindex=\"-1\" aria-label=\"Telefon\">\n\t\t\t\t<svg xmlns=\"http:\/\/www.w3.org\/2000\/svg\" id=\"katman_1\" data-name=\"katman 1\" viewBox=\"0 0 28.29 28.67\"><path d=\"M26.17,14c-.17-3.25-1.38-6.01-3.65-8.27-2.26-2.26-5.02-3.48-8.27-3.65V0c1.92,.06,3.71,.46,5.38,1.21s3.13,1.76,4.4,3.02c1.26,1.26,2.27,2.73,3.02,4.4s1.17,3.46,1.25,5.38h-2.12Zm-6.83,0c-.17-1.33-.72-2.47-1.67-3.42-.94-.94-2.08-1.49-3.42-1.62v-2.12c1.92,.17,3.55,.92,4.9,2.27,1.35,1.35,2.1,2.98,2.27,4.9h-2.08Zm7.12,14.67c-3.17,0-6.33-.79-9.48-2.38-3.15-1.58-5.99-3.63-8.5-6.15-2.51-2.51-4.56-5.34-6.12-8.48C.78,8.53,0,5.37,0,2.21c0-.5,.17-.92,.52-1.27S1.29,.42,1.79,.42H6.79c.42,0,.78,.14,1.1,.42s.52,.64,.6,1.08l1,4.62c.06,.39,.04,.76-.04,1.1-.08,.35-.25,.63-.5,.85l-3.88,3.79c1.5,2.53,3.2,4.74,5.1,6.62,1.9,1.89,4.09,3.51,6.56,4.88l3.75-3.88c.28-.28,.59-.48,.94-.6,.35-.12,.72-.15,1.1-.06l4.21,.92c.44,.08,.81,.29,1.08,.62,.28,.33,.42,.74,.42,1.21v4.83c0,.53-.17,.97-.52,1.31-.35,.35-.77,.52-1.27,.52ZM4.04,10.38l3.29-3.17c.03-.06,.05-.12,.06-.19,.01-.07,.02-.13,.02-.19l-.83-4.08c-.03-.08-.07-.15-.12-.19-.06-.04-.12-.06-.21-.06H2.33c-.08,0-.15,.02-.19,.06-.04,.04-.06,.1-.06,.19,.03,1.11,.2,2.3,.52,3.56s.8,2.62,1.44,4.06Zm14.67,14.42c1.11,.53,2.32,.94,3.62,1.25,1.31,.31,2.51,.47,3.62,.5,.06,0,.1-.02,.15-.06,.04-.04,.06-.09,.06-.15v-3.92c0-.08-.02-.15-.06-.21-.04-.06-.1-.08-.19-.08l-3.71-.75c-.06-.03-.1-.04-.15-.02-.04,.01-.09,.05-.15,.1l-3.21,3.33Z\"><\/path><\/svg>\t\t\t\t<\/a>\n\t\t\t<\/div>\n\t\t\t\n\t\t\t\t\t\t<div class=\"elementor-icon-box-content\">\n\n\t\t\t\t\t\t\t\t\t<h3 class=\"elementor-icon-box-title\">\n\t\t\t\t\t\t<a href=\"tel:+905421259940\" >\n\t\t\t\t\t\t\tTelefon\t\t\t\t\t\t<\/a>\n\t\t\t\t\t<\/h3>\n\t\t\t\t\n\t\t\t\t\t\t\t\t\t<p class=\"elementor-icon-box-description\">\n\t\t\t\t\t\t+90 (542) 125 99 40\t\t\t\t\t<\/p>\n\t\t\t\t\n\t\t\t<\/div>\n\t\t\t\n\t\t<\/div>\n\t\t\t\t\t\t<\/div>\n\t\t\t\t<div class=\"elementor-element elementor-element-a6ad52c elementor-position-inline-start elementor-mobile-position-inline-start elementor-widget__width-inherit elementor-view-default elementor-widget elementor-widget-icon-box\" data-id=\"a6ad52c\" data-element_type=\"widget\" data-e-type=\"widget\" data-widget_type=\"icon-box.default\">\n\t\t\t\t\t\t\t<div class=\"elementor-icon-box-wrapper\">\n\n\t\t\t\t\t\t<div class=\"elementor-icon-box-icon\">\n\t\t\t\t<a href=\"mailto:info@estevitalyahair.com\" class=\"elementor-icon\" tabindex=\"-1\" aria-label=\"Email\">\n\t\t\t\t<svg xmlns=\"http:\/\/www.w3.org\/2000\/svg\" id=\"katman_1\" data-name=\"katman 1\" viewBox=\"0 0 31.67 25\"><path d=\"M2.62,25c-.72,0-1.34-.26-1.85-.77-.51-.51-.77-1.13-.77-1.85V2.62C0,1.9,.26,1.28,.77,.77c.51-.51,1.13-.77,1.85-.77H29.04c.72,0,1.34,.26,1.85,.77,.51,.51,.77,1.13,.77,1.85V22.38c0,.72-.26,1.34-.77,1.85-.51,.51-1.13,.77-1.85,.77H2.62ZM15.83,12.96L2.08,4V22.38c0,.17,.05,.3,.15,.4,.1,.1,.23,.15,.4,.15H29.04c.17,0,.3-.05,.4-.15,.1-.1,.15-.23,.15-.4V4L15.83,12.96Zm0-2.17L29.25,2.08H2.46L15.83,10.79ZM2.08,4V22.38c0,.17,.05,.3,.15,.4,.1,.1,.23,.15,.4,.15h-.54V4Z\"><\/path><\/svg>\t\t\t\t<\/a>\n\t\t\t<\/div>\n\t\t\t\n\t\t\t\t\t\t<div class=\"elementor-icon-box-content\">\n\n\t\t\t\t\t\t\t\t\t<h3 class=\"elementor-icon-box-title\">\n\t\t\t\t\t\t<a href=\"mailto:info@estevitalyahair.com\" >\n\t\t\t\t\t\t\tEmail\t\t\t\t\t\t<\/a>\n\t\t\t\t\t<\/h3>\n\t\t\t\t\n\t\t\t\t\t\t\t\t\t<p class=\"elementor-icon-box-description\">\n\t\t\t\t\t\tinfo@estevitalyahair.com\t\t\t\t\t<\/p>\n\t\t\t\t\n\t\t\t<\/div>\n\t\t\t\n\t\t<\/div>\n\t\t\t\t\t\t<\/div>\n\t\t\t\t<div class=\"elementor-element elementor-element-23fd355 elementor-position-inline-start elementor-mobile-position-inline-start elementor-widget__width-inherit elementor-view-default elementor-widget elementor-widget-icon-box\" data-id=\"23fd355\" data-element_type=\"widget\" data-e-type=\"widget\" data-widget_type=\"icon-box.default\">\n\t\t\t\t\t\t\t<div class=\"elementor-icon-box-wrapper\">\n\n\t\t\t\t\t\t<div class=\"elementor-icon-box-icon\">\n\t\t\t\t<span  class=\"elementor-icon\">\n\t\t\t\t<svg xmlns=\"http:\/\/www.w3.org\/2000\/svg\" id=\"katman_1\" data-name=\"katman 1\" viewBox=\"0 0 25.83 32.58\"><path d=\"M12.92,15.62c.75,0,1.39-.26,1.92-.79s.79-1.17,.79-1.92-.26-1.39-.79-1.92c-.53-.53-1.17-.79-1.92-.79s-1.39,.26-1.92,.79c-.53,.53-.79,1.17-.79,1.92s.26,1.39,.79,1.92,1.17,.79,1.92,.79Zm0,14.17c3.58-3.19,6.28-6.23,8.1-9.1,1.82-2.88,2.73-5.35,2.73-7.44,0-3.28-1.04-5.96-3.12-8.04-2.08-2.08-4.65-3.12-7.71-3.12s-5.62,1.04-7.71,3.12c-2.08,2.08-3.12,4.76-3.12,8.04,0,2.08,.92,4.56,2.77,7.44,1.85,2.87,4.53,5.91,8.06,9.1Zm0,2.79c-4.33-3.78-7.57-7.28-9.71-10.5C1.07,18.86,0,15.92,0,13.25,0,9.22,1.3,6.01,3.9,3.6,6.49,1.2,9.5,0,12.92,0s6.42,1.2,9.02,3.6c2.6,2.4,3.9,5.62,3.9,9.65,0,2.67-1.07,5.61-3.21,8.83-2.14,3.22-5.37,6.72-9.71,10.5Z\"><\/path><\/svg>\t\t\t\t<\/span>\n\t\t\t<\/div>\n\t\t\t\n\t\t\t\t\t\t<div class=\"elementor-icon-box-content\">\n\n\t\t\t\t\t\t\t\t\t<h3 class=\"elementor-icon-box-title\">\n\t\t\t\t\t\t<span  >\n\t\t\t\t\t\t\tAdresse\t\t\t\t\t\t<\/span>\n\t\t\t\t\t<\/h3>\n\t\t\t\t\n\t\t\t\t\t\t\t\t\t<p class=\"elementor-icon-box-description\">\n\t\t\t\t\t\t\u015eirinyal\u0131, \u0130smet G\u00f6k\u015fen Cd. No:62\/4,  Muratpa\u015fa\/Antalya\t\t\t\t\t<\/p>\n\t\t\t\t\n\t\t\t<\/div>\n\t\t\t\n\t\t<\/div>\n\t\t\t\t\t\t<\/div>\n\t\t\t\t<div class=\"elementor-element elementor-element-5ed2364 elementor-position-inline-start elementor-mobile-position-inline-start elementor-widget__width-inherit elementor-view-default elementor-widget elementor-widget-icon-box\" data-id=\"5ed2364\" data-element_type=\"widget\" data-e-type=\"widget\" data-widget_type=\"icon-box.default\">\n\t\t\t\t\t\t\t<div class=\"elementor-icon-box-wrapper\">\n\n\t\t\t\t\t\t<div class=\"elementor-icon-box-icon\">\n\t\t\t\t<span  class=\"elementor-icon\">\n\t\t\t\t<svg xmlns=\"http:\/\/www.w3.org\/2000\/svg\" id=\"katman_1\" data-name=\"katman 1\" viewBox=\"0 0 25.83 32.58\"><path d=\"M12.92,15.62c.75,0,1.39-.26,1.92-.79s.79-1.17,.79-1.92-.26-1.39-.79-1.92c-.53-.53-1.17-.79-1.92-.79s-1.39,.26-1.92,.79c-.53,.53-.79,1.17-.79,1.92s.26,1.39,.79,1.92,1.17,.79,1.92,.79Zm0,14.17c3.58-3.19,6.28-6.23,8.1-9.1,1.82-2.88,2.73-5.35,2.73-7.44,0-3.28-1.04-5.96-3.12-8.04-2.08-2.08-4.65-3.12-7.71-3.12s-5.62,1.04-7.71,3.12c-2.08,2.08-3.12,4.76-3.12,8.04,0,2.08,.92,4.56,2.77,7.44,1.85,2.87,4.53,5.91,8.06,9.1Zm0,2.79c-4.33-3.78-7.57-7.28-9.71-10.5C1.07,18.86,0,15.92,0,13.25,0,9.22,1.3,6.01,3.9,3.6,6.49,1.2,9.5,0,12.92,0s6.42,1.2,9.02,3.6c2.6,2.4,3.9,5.62,3.9,9.65,0,2.67-1.07,5.61-3.21,8.83-2.14,3.22-5.37,6.72-9.71,10.5Z\"><\/path><\/svg>\t\t\t\t<\/span>\n\t\t\t<\/div>\n\t\t\t\n\t\t\t\t\t\t<div class=\"elementor-icon-box-content\">\n\n\t\t\t\t\t\t\t\t\t<h3 class=\"elementor-icon-box-title\">\n\t\t\t\t\t\t<span  >\n\t\t\t\t\t\t\tB\u00fcro adresse\t\t\t\t\t\t<\/span>\n\t\t\t\t\t<\/h3>\n\t\t\t\t\n\t\t\t\t\t\t\t\t\t<p class=\"elementor-icon-box-description\">\n\t\t\t\t\t\tYe\u015filbah\u00e7e, 1453. Sk. \u00c7imen Daran Sitesi, Muratpa\u015fa\/Antalya\t\t\t\t\t<\/p>\n\t\t\t\t\n\t\t\t<\/div>\n\t\t\t\n\t\t<\/div>\n\t\t\t\t\t\t<\/div>\n\t\t\t\t<\/div>\n\t\t<div class=\"elementor-element elementor-element-030b4b0 e-con-full e-flex e-con e-child\" data-id=\"030b4b0\" data-element_type=\"container\" data-e-type=\"container\" data-settings=\"{&quot;jet_parallax_layout_list&quot;:[]}\">\n\t\t\t\t<div class=\"elementor-element elementor-element-4fd308d elementor-widget elementor-widget-heading\" data-id=\"4fd308d\" data-element_type=\"widget\" data-e-type=\"widget\" data-widget_type=\"heading.default\">\n\t\t\t\t\t<h2 class=\"elementor-heading-title elementor-size-default\">Adresse der Klinik<\/h2>\t\t\t\t<\/div>\n\t\t\t\t<div class=\"elementor-element elementor-element-d443a73 elementor-widget elementor-widget-text-editor\" data-id=\"d443a73\" data-element_type=\"widget\" data-e-type=\"widget\" data-widget_type=\"text-editor.default\">\n\t\t\t\t\t\t\t\t\t<p>Um Informationen \u00fcber Haartransplantation zu erhalten, f\u00fcllen Sie einfach das untenstehende Formular aus und wir werden Sie in K\u00fcrze kontaktieren.<\/p>\n\t\t\t\t\t\t\t\t<\/div>\n\t\t\t\t<div class=\"elementor-element elementor-element-9677f61 elementor-button-align-stretch elementor-widget elementor-widget-form\" data-id=\"9677f61\" data-element_type=\"widget\" data-e-type=\"widget\" data-settings=\"{&quot;step_next_label&quot;:&quot;Weiter&quot;,&quot;step_previous_label&quot;:&quot;Zur\\u00fcck&quot;,&quot;button_width&quot;:&quot;100&quot;,&quot;step_type&quot;:&quot;number_text&quot;,&quot;step_icon_shape&quot;:&quot;circle&quot;}\" data-widget_type=\"form.default\">\n\t\t\t\t\t\t\t<form class=\"elementor-form\" method=\"post\" id=\"contact_page_form\" name=\"Konsultation buchen\" aria-label=\"Konsultation buchen\">\n\t\t\t<input type=\"hidden\" name=\"post_id\" value=\"999966720\"\/>\n\t\t\t<input type=\"hidden\" name=\"form_id\" value=\"9677f61\"\/>\n\t\t\t<input type=\"hidden\" name=\"referer_title\" value=\"\" \/>\n\n\t\t\t\n\t\t\t<div class=\"elementor-form-fields-wrapper elementor-labels-above\">\n\t\t\t\t\t\t\t\t<div class=\"elementor-field-type-text elementor-field-group elementor-column elementor-field-group-name elementor-col-100 elementor-field-required elementor-mark-required\">\n\t\t\t\t\t\t\t\t\t\t\t\t<label for=\"form-field-name\" class=\"elementor-field-label\">\n\t\t\t\t\t\t\t\tName\t\t\t\t\t\t\t<\/label>\n\t\t\t\t\t\t\t\t\t\t\t\t\t\t<input size=\"1\" type=\"text\" name=\"form_fields[name]\" id=\"form-field-name\" class=\"elementor-field elementor-size-sm  elementor-field-textual\" placeholder=\"Name\" required=\"required\">\n\t\t\t\t\t\t\t\t\t\t\t<\/div>\n\t\t\t\t\t\t\t\t<div class=\"elementor-field-type-number elementor-field-group elementor-column elementor-field-group-country_code elementor-col-40 elementor-field-required elementor-mark-required\">\n\t\t\t\t\t\t\t\t\t\t\t\t<label for=\"form-field-country_code\" class=\"elementor-field-label\">\n\t\t\t\t\t\t\t\tLandesvorwahl\t\t\t\t\t\t\t<\/label>\n\t\t\t\t\t\t\t\t\t<input type=\"number\" name=\"form_fields[country_code]\" id=\"form-field-country_code\" class=\"elementor-field elementor-size-sm  elementor-field-textual\" placeholder=\"(+49)\" required=\"required\" min=\"1\" max=\"\" >\n\t\t\t\t\t\t<\/div>\n\t\t\t\t\t\t\t\t<div class=\"elementor-field-type-tel elementor-field-group elementor-column elementor-field-group-phone elementor-col-60 elementor-field-required elementor-mark-required\">\n\t\t\t\t\t\t\t\t\t\t\t\t<label for=\"form-field-phone\" class=\"elementor-field-label\">\n\t\t\t\t\t\t\t\tTelefon\t\t\t\t\t\t\t<\/label>\n\t\t\t\t\t\t\t\t<input size=\"1\" type=\"tel\" name=\"form_fields[phone]\" id=\"form-field-phone\" class=\"elementor-field elementor-size-sm  elementor-field-textual\" placeholder=\"(545 xxx xx xx)\" required=\"required\" pattern=\"[0-9()#&amp;+*-=.]+\" title=\"Nur Nummern oder Telefon-Zeichen (#, -, *, etc) werden akzeptiert.\">\n\n\t\t\t\t\t\t<\/div>\n\t\t\t\t\t\t\t\t<div class=\"elementor-field-type-email elementor-field-group elementor-column elementor-field-group-email elementor-col-100 elementor-field-required elementor-mark-required\">\n\t\t\t\t\t\t\t\t\t\t\t\t<label for=\"form-field-email\" class=\"elementor-field-label\">\n\t\t\t\t\t\t\t\tEmail\t\t\t\t\t\t\t<\/label>\n\t\t\t\t\t\t\t\t\t\t\t\t\t\t<input size=\"1\" type=\"email\" name=\"form_fields[email]\" id=\"form-field-email\" class=\"elementor-field elementor-size-sm  elementor-field-textual\" placeholder=\"Email\" required=\"required\">\n\t\t\t\t\t\t\t\t\t\t\t<\/div>\n\t\t\t\t\t\t\t\t<div class=\"elementor-field-type-textarea elementor-field-group elementor-column elementor-field-group-message elementor-col-100\">\n\t\t\t\t\t\t\t\t\t\t\t\t<label for=\"form-field-message\" class=\"elementor-field-label\">\n\t\t\t\t\t\t\t\tNachricht\t\t\t\t\t\t\t<\/label>\n\t\t\t\t\t\t<textarea class=\"elementor-field-textual elementor-field  elementor-size-sm\" name=\"form_fields[message]\" id=\"form-field-message\" rows=\"4\" placeholder=\"Nachricht\"><\/textarea>\t\t\t\t<\/div>\n\t\t\t\t\t\t\t\t<div class=\"elementor-field-type-acceptance elementor-field-group elementor-column elementor-field-group-field_f0b8112 elementor-col-100 elementor-field-required elementor-mark-required\">\n\t\t\t\t\t\t\t<div class=\"elementor-field-subgroup\">\n\t\t\t<span class=\"elementor-field-option\">\n\t\t\t\t<input type=\"checkbox\" name=\"form_fields[field_f0b8112]\" id=\"form-field-field_f0b8112\" class=\"elementor-field elementor-size-sm  elementor-acceptance-field\" required=\"required\">\n\t\t\t\t<label for=\"form-field-field_f0b8112\">Ich bin damit einverstanden, dass meine Daten verwendet werden, um mich bez\u00fcglich meiner Anfrage in \u00dcbereinstimmung mit unserer Datenschutzrichtlinie zu kontaktieren<\/label>\t\t\t<\/span>\n\t\t<\/div>\n\t\t\t\t\t\t<\/div>\n\t\t\t\t\t\t\t\t<div class=\"elementor-field-type-acceptance elementor-field-group elementor-column elementor-field-group-field_909c49a elementor-col-100\">\n\t\t\t\t\t\t\t<div class=\"elementor-field-subgroup\">\n\t\t\t<span class=\"elementor-field-option\">\n\t\t\t\t<input type=\"checkbox\" name=\"form_fields[field_909c49a]\" id=\"form-field-field_909c49a\" class=\"elementor-field elementor-size-sm  elementor-acceptance-field\">\n\t\t\t\t<label for=\"form-field-field_909c49a\">Ich m\u00f6chte Informationen, Werbeaktionen und Angebote per E-Mail erhalten<\/label>\t\t\t<\/span>\n\t\t<\/div>\n\t\t\t\t\t\t<\/div>\n\t\t\t\t\t\t\t\t<div class=\"elementor-field-type-recaptcha_v3 elementor-field-group elementor-column elementor-field-group-field_04ceb65 elementor-col-100 recaptcha_v3-inline\">\n\t\t\t\t\t<div class=\"elementor-field\" id=\"form-field-field_04ceb65\"><div class=\"elementor-g-recaptcha\" data-sitekey=\"6LfLhOYjAAAAALdydINRGWz-6Q-VB3QeCAIwbMCO\" data-type=\"v3\" data-action=\"Form\" data-badge=\"inline\" data-size=\"invisible\"><\/div><\/div>\t\t\t\t<\/div>\n\t\t\t\t\t\t\t\t<div class=\"elementor-field-group elementor-column elementor-field-type-submit elementor-col-100 e-form__buttons\">\n\t\t\t\t\t<button class=\"elementor-button elementor-size-sm\" type=\"submit\">\n\t\t\t\t\t\t<span class=\"elementor-button-content-wrapper\">\n\t\t\t\t\t\t\t\t\t\t\t\t\t\t\t\t\t\t\t\t\t\t<span class=\"elementor-button-text\">Nachricht senden<\/span>\n\t\t\t\t\t\t\t\t\t\t\t\t\t<\/span>\n\t\t\t\t\t<\/button>\n\t\t\t\t<\/div>\n\t\t\t<\/div>\n\t\t<\/form>\n\t\t\t\t\t\t<\/div>\n\t\t\t\t<\/div>\n\t\t\t\t<\/div>\n\t\t\t\t\t<\/div>\n\t\t\t\t<\/div>\n\t\t<div class=\"elementor-element elementor-element-e1f4339 e-flex e-con-boxed e-con e-parent\" data-id=\"e1f4339\" data-element_type=\"container\" data-e-type=\"container\" data-settings=\"{&quot;jet_parallax_layout_list&quot;:[]}\">\n\t\t\t\t\t<div class=\"e-con-inner\">\n\t\t<div class=\"elementor-element elementor-element-0cf16c0 e-con-full e-flex e-con e-child\" data-id=\"0cf16c0\" data-element_type=\"container\" data-e-type=\"container\" data-settings=\"{&quot;jet_parallax_layout_list&quot;:[]}\">\n\t\t\t\t<div class=\"elementor-element elementor-element-963c1cf elementor-widget elementor-widget-html\" data-id=\"963c1cf\" data-element_type=\"widget\" data-e-type=\"widget\" data-widget_type=\"html.default\">\n\t\t\t\t\t<iframe src=\"https:\/\/www.google.com\/maps\/embed?pb=!1m18!1m12!1m3!1d3192.3235344781797!2d30.734088077187128!3d36.85867397223055!2m3!1f0!2f0!3f0!3m2!1i1024!2i768!4f13.1!3m3!1m2!1s0x14c391b91d4dff65%3A0x6457db5e0a252fc!2sAntalya%20Hair%20Transplant%20Clinic%20Estevitalya!5e0!3m2!1str!2str!4v1694244268395!5m2!1str!2str\" width=\"600\" height=\"450\" style=\"border:0;\" allowfullscreen=\"\" loading=\"lazy\" referrerpolicy=\"no-referrer-when-downgrade\"><\/iframe>\t\t\t\t<\/div>\n\t\t\t\t<div class=\"elementor-element elementor-element-793c29c elementor-widget elementor-widget-text-editor\" data-id=\"793c29c\" data-element_type=\"widget\" data-e-type=\"widget\" data-widget_type=\"text-editor.default\">\n\t\t\t\t\t\t\t\t\t<p>Sie k\u00f6nnen Spa\u00df haben, w\u00e4hrend Sie Ihr Traumhaar in Antalya bekommen. Wir k\u00f6nnen Ihnen alle Informationen geben, die Sie \u00fcber Haartransplantation wissen m\u00fcssen, wenn Sie uns \u00fcber unser Kontaktformular kontaktieren, uns unter unserer Nummer anrufen oder uns auf WhatsApp schreiben. Sie k\u00f6nnen uns auch eine E-Mail schicken und wir werden uns sofort bei Ihnen melden.Unser erfahrenes Personal ist immer bereit, Ihnen zu helfen und Sie mit mehr Informationen \u00fcber Haartransplantation zu versorgen. F\u00fchlen Sie sich frei, sich jederzeit \u00fcber alles, was Sie wollen, zu erkundigen.<\/p>\n\t\t\t\t\t\t\t\t<\/div>\n\t\t\t\t<\/div>\n\t\t\t\t\t<\/div>\n\t\t\t\t<\/div>\n\t\t\t\t<\/div>\n\t\t","protected":false},"excerpt":{"rendered":"<p>Kontaktinformationen Estevitalya Haartransplantationsklinik Kontaktinformationen Telefon Email Adresse B\u00fcro adresse Adresse der Klinik Um Informationen \u00fcber Haartransplantation zu erhalten, f\u00fcllen Sie einfach das untenstehende Formular aus und wir werden Sie in K\u00fcrze kontaktieren. Sie k\u00f6nnen Spa\u00df haben, w\u00e4hrend Sie Ihr Traumhaar in Antalya bekommen. Wir k\u00f6nnen Ihnen alle Informationen geben, die Sie \u00fcber Haartransplantation wissen m\u00fcssen, [&hellip;]<\/p>\n","protected":false},"author":1,"featured_media":0,"parent":0,"menu_order":0,"comment_status":"closed","ping_status":"closed","template":"","meta":{"_jf_save_progress":"","footnotes":""},"class_list":["post-999966720","page","type-page","status-publish","hentry"],"_links":{"self":[{"href":"https:\/\/www.estevitalyahair.com\/de\/wp-json\/wp\/v2\/pages\/999966720","targetHints":{"allow":["GET"]}}],"collection":[{"href":"https:\/\/www.estevitalyahair.com\/de\/wp-json\/wp\/v2\/pages"}],"about":[{"href":"https:\/\/www.estevitalyahair.com\/de\/wp-json\/wp\/v2\/types\/page"}],"author":[{"embeddable":true,"href":"https:\/\/www.estevitalyahair.com\/de\/wp-json\/wp\/v2\/users\/1"}],"replies":[{"embeddable":true,"href":"https:\/\/www.estevitalyahair.com\/de\/wp-json\/wp\/v2\/comments?post=999966720"}],"version-history":[{"count":0,"href":"https:\/\/www.estevitalyahair.com\/de\/wp-json\/wp\/v2\/pages\/999966720\/revisions"}],"wp:attachment":[{"href":"https:\/\/www.estevitalyahair.com\/de\/wp-json\/wp\/v2\/media?parent=999966720"}],"curies":[{"name":"wp","href":"https:\/\/api.w.org\/{rel}","templated":true}]}}