{"id":999968264,"date":"2022-02-28T13:10:22","date_gmt":"2022-02-28T13:10:22","guid":{"rendered":"https:\/\/estevitalyahair.com\/dhi-direkte-haarimplantation\/"},"modified":"2024-03-01T12:24:51","modified_gmt":"2024-03-01T12:24:51","slug":"dhi-direkte-haarimplantation","status":"publish","type":"page","link":"https:\/\/www.estevitalyahair.com\/de\/dhi-direkte-haarimplantation\/","title":{"rendered":"DHI (Direkte Haarimplantation)"},"content":{"rendered":"\t\t<div data-elementor-type=\"wp-page\" data-elementor-id=\"999968264\" class=\"elementor elementor-999968264 elementor-999957772\" data-elementor-post-type=\"page\">\n\t\t\t\t<div class=\"elementor-element elementor-element-ccaaf77 e-flex e-con-boxed e-con e-parent\" data-id=\"ccaaf77\" data-element_type=\"container\" data-e-type=\"container\" data-settings=\"{&quot;background_background&quot;:&quot;classic&quot;,&quot;jet_parallax_layout_list&quot;:[]}\">\n\t\t\t\t\t<div class=\"e-con-inner\">\n\t\t<div class=\"elementor-element elementor-element-9614101 e-con-full e-flex e-con e-child\" data-id=\"9614101\" data-element_type=\"container\" data-e-type=\"container\" data-settings=\"{&quot;jet_parallax_layout_list&quot;:[]}\">\n\t\t\t\t<div class=\"elementor-element elementor-element-41d8d43 elementor-widget elementor-widget-heading\" data-id=\"41d8d43\" data-element_type=\"widget\" data-e-type=\"widget\" data-widget_type=\"heading.default\">\n\t\t\t\t\t<h1 class=\"elementor-heading-title elementor-size-default\">DHI (Direkte Haarimplantation)<\/h1>\t\t\t\t<\/div>\n\t\t\t\t<\/div>\n\t\t\t\t\t<\/div>\n\t\t\t\t<\/div>\n\t\t<div class=\"elementor-element elementor-element-7f38835 e-flex e-con-boxed e-con e-parent\" data-id=\"7f38835\" data-element_type=\"container\" data-e-type=\"container\" data-settings=\"{&quot;jet_parallax_layout_list&quot;:[]}\">\n\t\t\t\t\t<div class=\"e-con-inner\">\n\t\t<div class=\"elementor-element elementor-element-444728f e-con-full e-flex e-con e-child\" data-id=\"444728f\" data-element_type=\"container\" data-e-type=\"container\" data-settings=\"{&quot;jet_parallax_layout_list&quot;:[]}\">\n\t\t\t\t<div class=\"elementor-element elementor-element-c0685df elementor-widget elementor-widget-text-editor\" data-id=\"c0685df\" data-element_type=\"widget\" data-e-type=\"widget\" data-widget_type=\"text-editor.default\">\n\t\t\t\t\t\t\t\t\t<p>Neben den beiden bekanntesten Anwendungsmethoden ist die dritte auch als direkte Haaranwendung bekannt. Bei dieser Methode werden die Haarfollikel mit Hilfe eines medizinischen Stifts namens Choi gesammelt, den nur Spezialisten verwenden sollten, und dann werden die mit diesem Stift entnommenen Haare direkt auf die Haut gelegt, ohne einen Einschnitt zu machen oder einen Kanal zu \u00f6ffnen.<\/p>\n<h2>Was sind die Vorteile dieser Methode?<\/h2>\n<p>Durch das gleichzeitige Einstechen und Platzieren der Haarfollikel k\u00f6nnen Sie die gesammelten Haarfollikel ohne lange Wartezeit an Ort und Stelle platzieren.<br \/>\nHaartransplantation h\u00e4ufiger und sorgt f\u00fcr ein nat\u00fcrlicheres Aussehen.<br \/>\nDurch den speziellen Apparat wird die Wartezeit der Haarwurzeln bei der Haartransplantation verk\u00fcrzt. Dadurch wird das Risiko eines Wurzelverlustes minimiert.<br \/>\nDas aktuelle Haar ist nicht gesch\u00e4digt. Es ist eine Methode, die auch bei Patienten angewendet werden kann, deren Haarausfall noch nicht abgeschlossen ist.<\/p>\n\t\t\t\t\t\t\t\t<\/div>\n\t\t\t\t<\/div>\n\t\t\t\t\t<\/div>\n\t\t\t\t<\/div>\n\t\t\t\t<\/div>\n\t\t","protected":false},"excerpt":{"rendered":"<p>Neben den beiden bekanntesten Anwendungsmethoden ist die dritte auch als direkte Haaranwendung bekannt. Bei dieser Methode werden die Haarfollikel mit Hilfe eines medizinischen Stifts namens Choi gesammelt, den nur Spezialisten verwenden sollten, und dann werden die mit diesem Stift entnommenen Haare direkt auf die Haut gelegt, ohne einen Einschnitt zu machen oder einen Kanal zu [&hellip;]<\/p>\n","protected":false},"author":1,"featured_media":999962841,"parent":0,"menu_order":0,"comment_status":"closed","ping_status":"closed","template":"","meta":{"_jf_save_progress":"","footnotes":""},"class_list":["post-999968264","page","type-page","status-publish","has-post-thumbnail","hentry"],"_links":{"self":[{"href":"https:\/\/www.estevitalyahair.com\/de\/wp-json\/wp\/v2\/pages\/999968264","targetHints":{"allow":["GET"]}}],"collection":[{"href":"https:\/\/www.estevitalyahair.com\/de\/wp-json\/wp\/v2\/pages"}],"about":[{"href":"https:\/\/www.estevitalyahair.com\/de\/wp-json\/wp\/v2\/types\/page"}],"author":[{"embeddable":true,"href":"https:\/\/www.estevitalyahair.com\/de\/wp-json\/wp\/v2\/users\/1"}],"replies":[{"embeddable":true,"href":"https:\/\/www.estevitalyahair.com\/de\/wp-json\/wp\/v2\/comments?post=999968264"}],"version-history":[{"count":0,"href":"https:\/\/www.estevitalyahair.com\/de\/wp-json\/wp\/v2\/pages\/999968264\/revisions"}],"wp:featuredmedia":[{"embeddable":true,"href":"https:\/\/www.estevitalyahair.com\/de\/wp-json\/wp\/v2\/media\/999962841"}],"wp:attachment":[{"href":"https:\/\/www.estevitalyahair.com\/de\/wp-json\/wp\/v2\/media?parent=999968264"}],"curies":[{"name":"wp","href":"https:\/\/api.w.org\/{rel}","templated":true}]}}